{"id":1728,"date":"2025-11-11T08:29:38","date_gmt":"2025-11-11T06:29:38","guid":{"rendered":"https:\/\/inrista.keyboart.lt\/specialus-pasiulymai\/"},"modified":"2025-12-18T15:43:45","modified_gmt":"2025-12-18T13:43:45","slug":"special-offers","status":"publish","type":"page","link":"https:\/\/inrista.keyboart.lt\/en\/special-offers\/","title":{"rendered":"Special offers"},"content":{"rendered":"<section class=\"l-section wpb_row height_auto\" id=\"hero-rudas-full\"><div class=\"l-section-h i-cf\"><div class=\"g-cols vc_row via_grid cols_3-2 laptops-cols_inherit tablets-cols_inherit mobiles-cols_1 valign_top type_default stacking_default\" style=\"--columns-gap:1.2rem;\"><div class=\"wpb_column vc_column_container us_custom_f70d789f left-hero vidiniai us_animate_this\"><div class=\"vc_column-inner\"><div class=\"w-separator size_custom\" style=\"height:5rem\" id=\"qf98\"><style>@media(max-width:1024px){ #qf98{height:0.7rem!important}}@media(max-width:600px){ #qf98{height:0.7rem!important}}<\/style><\/div><div class=\"wpb_text_column\"><div class=\"wpb_wrapper\"><h1>Special<br \/>\noffers<\/h1>\n<\/div><\/div><div class=\"w-separator size_custom\" style=\"height:1.2rem\"><\/div><div class=\"wpb_text_column us_custom_3e679b65\"><div class=\"wpb_wrapper\"><p>We provide an opportunity to access high-quality accounting services on more favorable terms. We value long-term partnerships.<\/p>\n<\/div><\/div><div class=\"w-separator size_custom\" style=\"height:2rem\"><\/div><div class=\"g-cols wpb_row hero-mygtukai via_grid cols_2 laptops-cols_inherit tablets-cols_inherit mobiles-cols_1 valign_middle type_default stacking_default\" style=\"--columns-gap:1rem;--laptops-columns-gap:1rem;--tablets-columns-gap:1rem;--mobiles-columns-gap:0.2rem;\"><div class=\"wpb_column vc_column_container\"><div class=\"vc_column-inner\"><div class=\"w-btn-wrapper align_justify\"><a class=\"w-btn us-btn-style_7 us_custom_2d9ebfef\" href=\"#spec-pasiulymai\"><span class=\"w-btn-label\">View offers<\/span><\/a><\/div><\/div><\/div><div class=\"wpb_column vc_column_container\"><div class=\"vc_column-inner\"><div class=\"w-btn-wrapper align_justify\"><a class=\"w-btn us-btn-style_1 us_custom_2d9ebfef\" href=\"#susisiekti\"><span class=\"w-btn-label\">Contact us<\/span><\/a><\/div><\/div><\/div><\/div><div class=\"w-separator size_custom\" style=\"height:5rem\" id=\"n610\"><style>@media(max-width:1024px){ #n610{height:0rem!important}}@media(max-width:600px){ #n610{height:0rem!important}}<\/style><\/div><\/div><\/div><div class=\"wpb_column vc_column_container us_custom_e0b18269 right-hero vidiniai us_animate_this has_bg_color type_sticky\"><div class=\"vc_column-inner\"><div class=\"w-separator size_custom\" style=\"height:300px\"><\/div><\/div><\/div><\/div><\/div><\/section><section class=\"l-section wpb_row height_auto\"><div class=\"l-section-h i-cf\"><div class=\"g-cols vc_row via_grid cols_1 laptops-cols_inherit tablets-cols_inherit mobiles-cols_1 valign_top type_default stacking_default\"><div class=\"wpb_column vc_column_container\"><div class=\"vc_column-inner\"><div class=\"w-separator size_custom\" style=\"height:4rem\" id=\"u83e\"><style>@media(max-width:1024px){ #u83e{height:0rem!important}}@media(max-width:600px){ #u83e{height:0rem!important}}<\/style><\/div><\/div><\/div><\/div><\/div><\/section><section class=\"l-section wpb_row height_auto\" id=\"spec-pasiulymai\"><div class=\"l-section-h i-cf\"><div class=\"g-cols vc_row via_grid cols_1 laptops-cols_inherit tablets-cols_inherit mobiles-cols_1 valign_top type_default stacking_default\" style=\"--columns-gap:1.2rem;\"><div class=\"wpb_column vc_column_container us_custom_f70d789f us_animate_this\"><div class=\"vc_column-inner\"><div class=\"w-separator size_custom\" style=\"height:4rem\"><\/div><div class=\"wpb_text_column us_custom_0dedfc66\"><div class=\"wpb_wrapper\"><h2>Valuable offers for clients<\/h2>\n<\/div><\/div><div class=\"w-separator size_custom\" style=\"height:1.2rem\"><\/div><div class=\"wpb_text_column us_custom_de16313d\"><div class=\"wpb_wrapper\"><p>We help optimize your company\u2019s accounting, save time, and ensure financial transparency.<\/p>\n<\/div><\/div><div class=\"w-separator size_custom\" style=\"height:4rem\"><\/div><div class=\"g-cols wpb_row us_custom_cb1f2752 via_grid cols_1-2 laptops-cols_inherit tablets-cols_inherit mobiles-cols_1 valign_top type_default reversed stacking_default\" style=\"--columns-gap:4rem;--laptops-columns-gap:4rem;--tablets-columns-gap:4rem;--mobiles-columns-gap:0rem;\"><div class=\"wpb_column vc_column_container us_custom_b702447c has_bg_color\"><div class=\"vc_column-inner\"><div class=\"w-separator size_custom\" style=\"height:300px\"><\/div><\/div><\/div><div class=\"wpb_column vc_column_container spec-pasiulymas turinys\"><div class=\"vc_column-inner\"><div class=\"wpb_text_column\"><div class=\"wpb_wrapper\"><h4>Accounting services<\/h4>\n<p>Everything a small business needs for accounting \u2013 \u20ac150:<\/p>\n<ul>\n<li>Accounting of 30 invoices<\/li>\n<li>Payroll accounting for 2 employees<\/li>\n<li>Accounting of 10 bank transactions<\/li>\n<li>Tax accounting and declaration<\/li>\n<li>Consultation with a chief accountant or business lawyer \u2013 30 min\/month<\/li>\n<li>Our activities are covered by civil liability insurance<\/li>\n<\/ul>\n<p>If your company is larger and this offer does not fully meet your needs, you are still welcome to fill out our form. Our team will be happy to prepare an individual offer tailored to your unique requirements and business specifics. Our goal is to provide services that meet the highest standards and expectations, ensuring your complete satisfaction.<\/p>\n<\/div><\/div><\/div><\/div><\/div><div class=\"w-separator size_custom\" style=\"height:4rem\"><\/div><\/div><\/div><\/div><\/div><\/section><section class=\"l-section wpb_row height_medium\" id=\"susisiekti\"><div class=\"l-section-h i-cf\"><div class=\"g-cols vc_row via_grid cols_1 laptops-cols_inherit tablets-cols_inherit mobiles-cols_1 valign_top type_default stacking_default\" style=\"--columns-gap:1.2rem;\"><div class=\"wpb_column vc_column_container\"><div class=\"vc_column-inner\"><div class=\"w-separator size_custom\" style=\"height:3rem\"><\/div><div class=\"w-image susisiekti-ikonele align_none\"><div class=\"w-image-h\"><img decoding=\"async\" src=\"https:\/\/inrista.keyboart.lt\/wp-content\/uploads\/Layer@4x.svg\" class=\"attachment-full size-full\" alt=\"\" loading=\"lazy\" \/><\/div><\/div><div class=\"w-vwrapper us_custom_141b3c33 wrapper-forma align_none valign_top\" style=\"--vwrapper-gap:0rem\"><h3 class=\"w-text\"><span class=\"w-text-h\"><span class=\"w-text-value\">Contact us<\/span><\/span><\/h3><div class=\"w-separator size_custom\" style=\"height:1.7rem\"><\/div><div class=\"w-html\"><div class=\"forminator-ui forminator-custom-form forminator-custom-form-1948   forminator_ajax\" data-forminator-render=\"0\" data-form=\"forminator-module-1948\" data-uid=\"69fb2a2b4aed9\"><br\/><\/div><form\n\t\t\t\tid=\"forminator-module-1948\"\n\t\t\t\tclass=\"forminator-ui forminator-custom-form forminator-custom-form-1948   forminator_ajax\"\n\t\t\t\tmethod=\"post\"\n\t\t\t\tdata-forminator-render=\"0\"\n\t\t\t\tdata-form-id=\"1948\"\n\t\t\t\t data-color-option=\"theme\" data-design=\"none\" data-grid=\"open\" style=\"display: none;\"\n\t\t\t\tdata-uid=\"69fb2a2b4aed9\"\n\t\t\t><div role=\"alert\" aria-live=\"polite\" class=\"forminator-response-message forminator-error\" aria-hidden=\"true\"><\/div><div class=\"forminator-row\"><div id=\"name-1\" class=\"forminator-field-name forminator-col forminator-col-6 \"><div class=\"forminator-field\"><input type=\"text\" name=\"name-1\" value=\"\" placeholder=\"Your name\" id=\"forminator-field-name-1_69fb2a2b4aed9\" class=\"forminator-input forminator-name--field\" aria-required=\"false\" autocomplete=\"name\" \/><\/div><\/div><div id=\"text-4\" class=\"forminator-field-text forminator-col forminator-col-6 \"><div class=\"forminator-field\"><input type=\"text\" name=\"text-4\" value=\"\" placeholder=\"Company name\" id=\"forminator-field-text-4_69fb2a2b4aed9\" class=\"forminator-input forminator-name--field\" data-required=\"\" \/><\/div><\/div><\/div><div class=\"forminator-row\"><div id=\"email-1\" class=\"forminator-field-email forminator-col forminator-col-6 \"><div class=\"forminator-field\"><input type=\"email\" name=\"email-1\" value=\"\" placeholder=\"Email address\" id=\"forminator-field-email-1_69fb2a2b4aed9\" class=\"forminator-input forminator-email--field\" data-required=\"true\" aria-required=\"true\" autocomplete=\"email\" \/><\/div><\/div><div id=\"phone-1\" class=\"forminator-field-phone forminator-col forminator-col-6 \"><div class=\"forminator-field\"><input type=\"text\" name=\"phone-1\" value=\"\" placeholder=\"Phone number\" id=\"forminator-field-phone-1_69fb2a2b4aed9\" class=\"forminator-input forminator-field--phone\" data-required=\"1\" aria-required=\"true\" autocomplete=\"off\" \/><\/div><\/div><\/div><div class=\"forminator-row\"><div id=\"text-1\" class=\"forminator-field-text forminator-col forminator-col-6 \"><div class=\"forminator-field\"><input type=\"text\" name=\"text-1\" value=\"\" placeholder=\"I\u0161si\u0173n\u010diam\u0173 s\u0105skait\u0173 skai\u010dius \/ per m\u0117n.\" id=\"forminator-field-text-1_69fb2a2b4aed9\" class=\"forminator-input forminator-name--field\" data-required=\"\" \/><\/div><\/div><div id=\"text-2\" class=\"forminator-field-text forminator-col forminator-col-6 \"><div class=\"forminator-field\"><input type=\"text\" name=\"text-2\" value=\"\" placeholder=\"Gaunam\u0173 s\u0105skait\u0173 skai\u010dius \/ per m\u0117n.\" id=\"forminator-field-text-2_69fb2a2b4aed9\" class=\"forminator-input forminator-name--field\" data-required=\"\" \/><\/div><\/div><\/div><div class=\"forminator-row\"><div id=\"radio-1\" class=\"forminator-field-radio forminator-col forminator-col-12 \"><div role=\"radiogroup\" class=\"forminator-field\" aria-labelledby=\"forminator-radiogroup-radio-1-69fb2a2b4aed9-label\"><span id=\"forminator-radiogroup-radio-1-69fb2a2b4aed9-label\" class=\"forminator-label\">VAT paid<\/span><label id=\"forminator-field-radio-1-label-1\" for=\"forminator-field-radio-1-1-69fb2a2b4aed9\" class=\"forminator-radio\" title=\"Yes\"><input type=\"radio\" name=\"radio-1\" value=\"one\" id=\"forminator-field-radio-1-1-69fb2a2b4aed9\" aria-labelledby=\"forminator-field-radio-1-label-1\" data-calculation=\"0\" checked=\"checked\"  data-hidden-behavior=\"zero\"\/><span class=\"forminator-radio-bullet\" aria-hidden=\"true\"><\/span><span class=\"forminator-radio-label\">Yes<\/span><\/label><label id=\"forminator-field-radio-1-label-2\" for=\"forminator-field-radio-1-2-69fb2a2b4aed9\" class=\"forminator-radio\" title=\"No\"><input type=\"radio\" name=\"radio-1\" value=\"two\" id=\"forminator-field-radio-1-2-69fb2a2b4aed9\" aria-labelledby=\"forminator-field-radio-1-label-2\" data-calculation=\"0\"   data-hidden-behavior=\"zero\"\/><span class=\"forminator-radio-bullet\" aria-hidden=\"true\"><\/span><span class=\"forminator-radio-label\">No<\/span><\/label><\/div><\/div><\/div><div class=\"forminator-row\"><div id=\"text-3\" class=\"forminator-field-text forminator-col forminator-col-12 \"><div class=\"forminator-field\"><input type=\"text\" name=\"text-3\" value=\"\" placeholder=\"Message\" id=\"forminator-field-text-3_69fb2a2b4aed9\" class=\"forminator-input forminator-name--field\" data-required=\"\" \/><\/div><\/div><\/div><div class=\"forminator-row\"><div id=\"captcha-1\" class=\"forminator-field-captcha forminator-col forminator-col-12 \"><div class=\"forminator-captcha-left forminator-turnstile\" data-theme=\"auto\" data-language=\"en-us\" data-sitekey=\"0x4AAAAAABjEelAAOQ8naAWQ\" data-size=\"compact\"><\/div> <\/div><\/div><input type=\"hidden\" name=\"referer_url\" value=\"\" \/><div class=\"forminator-row forminator-row-last\"><div class=\"forminator-col\"><div class=\"forminator-field\"><button class=\"forminator-button forminator-button-submit us-btn-style_8\">Send<\/button><\/div><\/div><\/div><input type=\"hidden\" id=\"forminator_nonce\" name=\"forminator_nonce\" value=\"41c27219e8\" \/><input type=\"hidden\" name=\"_wp_http_referer\" value=\"\/en\/wp-json\/wp\/v2\/pages\/1728\" \/><input type=\"hidden\" name=\"form_id\" value=\"1948\"><input type=\"hidden\" name=\"page_id\" value=\"1728\"><input type=\"hidden\" name=\"form_type\" value=\"default\"><input type=\"hidden\" name=\"current_url\" value=\"https:\/\/inrista.keyboart.lt\/en\/special-offers\/\"><input type=\"hidden\" name=\"render_id\" value=\"0\"><input type=\"hidden\" name=\"action\" value=\"forminator_submit_form_custom-forms\"><\/form><\/div><\/div><\/div><\/div><\/div><\/div><\/section>\n\n","protected":false},"excerpt":{"rendered":"Special offers We provide an opportunity to access high-quality accounting services on more favorable terms. We value long-term partnerships. View offersContact usValuable offers for clients We help optimize your company\u2019s accounting, save time, and ensure financial transparency. Accounting services Everything a small business needs for accounting \u2013 \u20ac150: Accounting of 30 invoices Payroll accounting for...","protected":false},"author":2,"featured_media":0,"parent":0,"menu_order":0,"comment_status":"closed","ping_status":"closed","template":"","meta":{"_acf_changed":false,"footnotes":""},"class_list":["post-1728","page","type-page","status-publish","hentry"],"acf":[],"yoast_head":"<!-- This site is optimized with the Yoast SEO plugin v27.5 - https:\/\/yoast.com\/product\/yoast-seo-wordpress\/ -->\n<title>Special offers - INRISTA LT<\/title>\n<meta name=\"robots\" content=\"noindex, follow, max-snippet:-1, max-image-preview:large, max-video-preview:-1\" \/>\n<meta property=\"og:locale\" content=\"en_US\" \/>\n<meta property=\"og:type\" content=\"article\" \/>\n<meta property=\"og:title\" content=\"Special offers - INRISTA LT\" \/>\n<meta property=\"og:url\" content=\"https:\/\/inrista.keyboart.lt\/en\/special-offers\/\" \/>\n<meta property=\"og:site_name\" content=\"INRISTA LT\" \/>\n<meta property=\"article:modified_time\" content=\"2025-12-18T13:43:45+00:00\" \/>\n<script type=\"application\/ld+json\" class=\"yoast-schema-graph\">{\"@context\":\"https:\\\/\\\/schema.org\",\"@graph\":[{\"@type\":\"WebPage\",\"@id\":\"https:\\\/\\\/inrista.keyboart.lt\\\/en\\\/special-offers\\\/\",\"url\":\"https:\\\/\\\/inrista.keyboart.lt\\\/en\\\/special-offers\\\/\",\"name\":\"Special offers - INRISTA LT\",\"isPartOf\":{\"@id\":\"https:\\\/\\\/inrista.keyboart.lt\\\/en\\\/#website\"},\"datePublished\":\"2025-11-11T06:29:38+00:00\",\"dateModified\":\"2025-12-18T13:43:45+00:00\",\"breadcrumb\":{\"@id\":\"https:\\\/\\\/inrista.keyboart.lt\\\/en\\\/special-offers\\\/#breadcrumb\"},\"inLanguage\":\"en-US\",\"potentialAction\":[{\"@type\":\"ReadAction\",\"target\":[\"https:\\\/\\\/inrista.keyboart.lt\\\/en\\\/special-offers\\\/\"]}]},{\"@type\":\"BreadcrumbList\",\"@id\":\"https:\\\/\\\/inrista.keyboart.lt\\\/en\\\/special-offers\\\/#breadcrumb\",\"itemListElement\":[{\"@type\":\"ListItem\",\"position\":1,\"name\":\"Home\",\"item\":\"https:\\\/\\\/inrista.keyboart.lt\\\/en\\\/\"},{\"@type\":\"ListItem\",\"position\":2,\"name\":\"Special offers\"}]},{\"@type\":\"WebSite\",\"@id\":\"https:\\\/\\\/inrista.keyboart.lt\\\/en\\\/#website\",\"url\":\"https:\\\/\\\/inrista.keyboart.lt\\\/en\\\/\",\"name\":\"INRISTA LT\",\"description\":\"Profesionalios buhalterin\u0117s paslaugos\",\"publisher\":{\"@id\":\"https:\\\/\\\/inrista.keyboart.lt\\\/en\\\/#organization\"},\"potentialAction\":[{\"@type\":\"SearchAction\",\"target\":{\"@type\":\"EntryPoint\",\"urlTemplate\":\"https:\\\/\\\/inrista.keyboart.lt\\\/en\\\/?s={search_term_string}\"},\"query-input\":{\"@type\":\"PropertyValueSpecification\",\"valueRequired\":true,\"valueName\":\"search_term_string\"}}],\"inLanguage\":\"en-US\"},{\"@type\":\"Organization\",\"@id\":\"https:\\\/\\\/inrista.keyboart.lt\\\/en\\\/#organization\",\"name\":\"INRISTA LT\",\"url\":\"https:\\\/\\\/inrista.keyboart.lt\\\/en\\\/\",\"logo\":{\"@type\":\"ImageObject\",\"inLanguage\":\"en-US\",\"@id\":\"https:\\\/\\\/inrista.keyboart.lt\\\/en\\\/#\\\/schema\\\/logo\\\/image\\\/\",\"url\":\"https:\\\/\\\/inrista.keyboart.lt\\\/wp-content\\\/uploads\\\/Inrista-tamsus-logo.svg\",\"contentUrl\":\"https:\\\/\\\/inrista.keyboart.lt\\\/wp-content\\\/uploads\\\/Inrista-tamsus-logo.svg\",\"width\":\"1024\",\"height\":\"1024\",\"caption\":\"INRISTA LT\"},\"image\":{\"@id\":\"https:\\\/\\\/inrista.keyboart.lt\\\/en\\\/#\\\/schema\\\/logo\\\/image\\\/\"}}]}<\/script>\n<!-- \/ Yoast SEO plugin. -->","yoast_head_json":{"title":"Special offers - INRISTA LT","robots":{"index":"noindex","follow":"follow","max-snippet":"max-snippet:-1","max-image-preview":"max-image-preview:large","max-video-preview":"max-video-preview:-1"},"og_locale":"en_US","og_type":"article","og_title":"Special offers - INRISTA LT","og_url":"https:\/\/inrista.keyboart.lt\/en\/special-offers\/","og_site_name":"INRISTA LT","article_modified_time":"2025-12-18T13:43:45+00:00","schema":{"@context":"https:\/\/schema.org","@graph":[{"@type":"WebPage","@id":"https:\/\/inrista.keyboart.lt\/en\/special-offers\/","url":"https:\/\/inrista.keyboart.lt\/en\/special-offers\/","name":"Special offers - INRISTA LT","isPartOf":{"@id":"https:\/\/inrista.keyboart.lt\/en\/#website"},"datePublished":"2025-11-11T06:29:38+00:00","dateModified":"2025-12-18T13:43:45+00:00","breadcrumb":{"@id":"https:\/\/inrista.keyboart.lt\/en\/special-offers\/#breadcrumb"},"inLanguage":"en-US","potentialAction":[{"@type":"ReadAction","target":["https:\/\/inrista.keyboart.lt\/en\/special-offers\/"]}]},{"@type":"BreadcrumbList","@id":"https:\/\/inrista.keyboart.lt\/en\/special-offers\/#breadcrumb","itemListElement":[{"@type":"ListItem","position":1,"name":"Home","item":"https:\/\/inrista.keyboart.lt\/en\/"},{"@type":"ListItem","position":2,"name":"Special offers"}]},{"@type":"WebSite","@id":"https:\/\/inrista.keyboart.lt\/en\/#website","url":"https:\/\/inrista.keyboart.lt\/en\/","name":"INRISTA LT","description":"Profesionalios buhalterin\u0117s paslaugos","publisher":{"@id":"https:\/\/inrista.keyboart.lt\/en\/#organization"},"potentialAction":[{"@type":"SearchAction","target":{"@type":"EntryPoint","urlTemplate":"https:\/\/inrista.keyboart.lt\/en\/?s={search_term_string}"},"query-input":{"@type":"PropertyValueSpecification","valueRequired":true,"valueName":"search_term_string"}}],"inLanguage":"en-US"},{"@type":"Organization","@id":"https:\/\/inrista.keyboart.lt\/en\/#organization","name":"INRISTA LT","url":"https:\/\/inrista.keyboart.lt\/en\/","logo":{"@type":"ImageObject","inLanguage":"en-US","@id":"https:\/\/inrista.keyboart.lt\/en\/#\/schema\/logo\/image\/","url":"https:\/\/inrista.keyboart.lt\/wp-content\/uploads\/Inrista-tamsus-logo.svg","contentUrl":"https:\/\/inrista.keyboart.lt\/wp-content\/uploads\/Inrista-tamsus-logo.svg","width":"1024","height":"1024","caption":"INRISTA LT"},"image":{"@id":"https:\/\/inrista.keyboart.lt\/en\/#\/schema\/logo\/image\/"}}]}},"_links":{"self":[{"href":"https:\/\/inrista.keyboart.lt\/en\/wp-json\/wp\/v2\/pages\/1728","targetHints":{"allow":["GET"]}}],"collection":[{"href":"https:\/\/inrista.keyboart.lt\/en\/wp-json\/wp\/v2\/pages"}],"about":[{"href":"https:\/\/inrista.keyboart.lt\/en\/wp-json\/wp\/v2\/types\/page"}],"author":[{"embeddable":true,"href":"https:\/\/inrista.keyboart.lt\/en\/wp-json\/wp\/v2\/users\/2"}],"replies":[{"embeddable":true,"href":"https:\/\/inrista.keyboart.lt\/en\/wp-json\/wp\/v2\/comments?post=1728"}],"version-history":[{"count":5,"href":"https:\/\/inrista.keyboart.lt\/en\/wp-json\/wp\/v2\/pages\/1728\/revisions"}],"predecessor-version":[{"id":1849,"href":"https:\/\/inrista.keyboart.lt\/en\/wp-json\/wp\/v2\/pages\/1728\/revisions\/1849"}],"wp:attachment":[{"href":"https:\/\/inrista.keyboart.lt\/en\/wp-json\/wp\/v2\/media?parent=1728"}],"curies":[{"name":"wp","href":"https:\/\/api.w.org\/{rel}","templated":true}]}}